{"id":8,"date":"2026-03-10T16:15:46","date_gmt":"2026-03-10T16:15:46","guid":{"rendered":"https:\/\/henryramiro.com\/?page_id=8"},"modified":"2026-03-10T16:57:20","modified_gmt":"2026-03-10T16:57:20","slug":"8-2","status":"publish","type":"page","link":"https:\/\/henryramiro.com\/","title":{"rendered":"Henry Ramiro"},"content":{"rendered":"<p>[et_pb_section fb_built=\u00bb1&#8243; admin_label=\u00bbHeader\u00bb _builder_version=\u00bb4.22.1&#8243; _module_preset=\u00bbdefault\u00bb background_color=\u00bb#000000&#8243; collapsed=\u00bbon\u00bb global_colors_info=\u00bb{}\u00bb][et_pb_row column_structure=\u00bb3_5,2_5&#8243; _builder_version=\u00bb4.24.2&#8243; _module_preset=\u00bbdefault\u00bb global_colors_info=\u00bb{}\u00bb][et_pb_column type=\u00bb3_5&#8243; _builder_version=\u00bb4.24.2&#8243; _module_preset=\u00bbdefault\u00bb custom_padding=\u00bb80px||||false|false\u00bb custom_padding_tablet=\u00bb0px||||false|false\u00bb custom_padding_phone=\u00bb||||false|false\u00bb custom_padding_last_edited=\u00bbon|desktop\u00bb global_colors_info=\u00bb{}\u00bb][et_pb_text _builder_version=\u00bb4.27.6&#8243; _module_preset=\u00bb77fc9cda-1430-410c-8488-439d7618d5c8&#8243; header_4_font=\u00bbMontserrat|||on|||||\u00bb header_4_text_color=\u00bb#FFFFFF\u00bb header_4_font_size=\u00bb66px\u00bb header_4_font_size_tablet=\u00bb66px\u00bb header_4_font_size_phone=\u00bb36px\u00bb header_4_font_size_last_edited=\u00bbon|desktop\u00bb global_colors_info=\u00bb{}\u00bb]<\/p>\n<h4 style=\"text-align: center;\">Henry Ramiro<\/h4>\n<p>[\/et_pb_text][ds_typing_text typing_text=\u00bbCEO Hinforcom Group | Experto en Cyberseguridad\u00bb _builder_version=\u00bb4.27.6&#8243; _module_preset=\u00bbdefault\u00bb text_font=\u00bbMontserrat||||||||\u00bb text_text_align=\u00bbcenter\u00bb text_text_color=\u00bb#FFFFFF\u00bb text_font_size=\u00bb22px\u00bb text_font_size_tablet=\u00bb22px\u00bb text_font_size_phone=\u00bb20px\u00bb text_font_size_last_edited=\u00bbon|phone\u00bb global_colors_info=\u00bb{}\u00bb][\/ds_typing_text][et_pb_image src=\u00bbhttps:\/\/henryramiro.com\/wp-content\/uploads\/2026\/03\/Untitled-design-5-1024&#215;714.png\u00bb alt=\u00bbCEO de Grupo Hinforcom\u00bb title_text=\u00bbCEO de Grupo Hinforcom\u00bb align=\u00bbcenter\u00bb _builder_version=\u00bb4.27.6&#8243; _module_preset=\u00bbdefault\u00bb max_width=\u00bb61%\u00bb global_colors_info=\u00bb{}\u00bb][\/et_pb_image][et_pb_text _builder_version=\u00bb4.27.6&#8243; _module_preset=\u00bb77fc9cda-1430-410c-8488-439d7618d5c8&#8243; header_4_text_color=\u00bb#00a7d6&#8243; global_colors_info=\u00bb{}\u00bb]<\/p>\n<h4 style=\"text-align: center;\">Protegiendo el ADN Digital de las Empresas en Espa\u00f1a.<\/h4>\n<p>[\/et_pb_text][\/et_pb_column][et_pb_column type=\u00bb2_5&#8243; _builder_version=\u00bb4.22.1&#8243; _module_preset=\u00bbdefault\u00bb global_colors_info=\u00bb{}\u00bb][et_pb_image src=\u00bbhttps:\/\/henryramiro.com\/wp-content\/uploads\/2026\/03\/HenryRamiro-236_bajasRes_1X1.jpg\u00bb alt=\u00bbHenry Ramiro\u00bb title_text=\u00bbHenry Ramiro, CEO de Grupo Hinforcom\u00bb _builder_version=\u00bb4.27.6&#8243; _module_preset=\u00bbdefault\u00bb custom_margin=\u00bb|-10vw|||false|false\u00bb custom_margin_tablet=\u00bb|0vw||0vw|false|true\u00bb custom_margin_phone=\u00bb|0vw||0vw|false|true\u00bb custom_margin_last_edited=\u00bbon|tablet\u00bb scroll_fade_enable=\u00bbon\u00bb scroll_fade=\u00bb0|40|40|100|100%|100|30%\u00bb scroll_scaling_enable=\u00bbon\u00bb scroll_scaling=\u00bb0|50|50|100|100%|100|110%\u00bb scroll_blur_enable=\u00bbon\u00bb scroll_blur=\u00bb0|40|60|100|0px|0px|10px\u00bb motion_trigger_start=\u00bbbottom\u00bb border_radii=\u00bbon|9px|9px|9px|9px\u00bb border_width_all=\u00bb3px\u00bb border_color_all=\u00bb#FFFFFF\u00bb global_colors_info=\u00bb{}\u00bb][\/et_pb_image][\/et_pb_column][\/et_pb_row][\/et_pb_section][et_pb_section fb_built=\u00bb1&#8243; admin_label=\u00bbCall to Action\u00bb _builder_version=\u00bb4.27.6&#8243; _module_preset=\u00bbdefault\u00bb use_background_color_gradient=\u00bbon\u00bb background_color_gradient_stops=\u00bb#000000 0%|rgba(0,0,0,0.4) 30%|rgba(0,0,0,0.4) 70%|#000000 100%\u00bb background_color_gradient_overlays_image=\u00bbon\u00bb background_image=\u00bbhttps:\/\/henryramiro.com\/wp-content\/uploads\/2026\/03\/Gemini_Generated_Image_z310qkz310qkz310.png\u00bb parallax=\u00bbon\u00bb custom_padding=\u00bb18vw||18vw||true|false\u00bb locked=\u00bboff\u00bb collapsed=\u00bbon\u00bb global_colors_info=\u00bb{}\u00bb][et_pb_row _builder_version=\u00bb4.24.2&#8243; _module_preset=\u00bbdefault\u00bb max_width=\u00bbnone\u00bb global_colors_info=\u00bb{}\u00bb][et_pb_column type=\u00bb4_4&#8243; _builder_version=\u00bb4.22.1&#8243; _module_preset=\u00bbdefault\u00bb global_colors_info=\u00bb{}\u00bb][et_pb_text _builder_version=\u00bb4.27.6&#8243; _module_preset=\u00bb9ddbea12-d3aa-4b10-a9e1-d4e832c3a9e6&#8243; header_2_text_color=\u00bb#FFFFFF\u00bb header_2_font_size=\u00bb6vw\u00bb text_orientation=\u00bbcenter\u00bb custom_margin=\u00bb||0px||false|false\u00bb global_colors_info=\u00bb{}\u00bb]<\/p>\n<h2><b data-path-to-node=\"14,0,0\" data-index-in-node=\"0\">Ciberseguridad Estrat\u00e9gica:<\/b> Auditor\u00edas, pentesting y cumplimiento normativo (RGPD\/ENS).<\/h2>\n<p>[\/et_pb_text][et_pb_button button_text=\u00bbSolicitar Auditor\u00eda\u00bb button_alignment=\u00bbcenter\u00bb _builder_version=\u00bb4.27.6&#8243; _module_preset=\u00bb001a181c-e0c4-40f7-90b3-32e35412db6b\u00bb button_bg_color=\u00bb#FFFFFF\u00bb custom_margin=\u00bb34px|||||\u00bb global_colors_info=\u00bb{}\u00bb][\/et_pb_button][\/et_pb_column][\/et_pb_row][\/et_pb_section][et_pb_section fb_built=\u00bb1&#8243; admin_label=\u00bbFooter\u00bb _builder_version=\u00bb4.24.2&#8243; _module_preset=\u00bbdefault\u00bb background_color=\u00bb#000000&#8243; use_background_color_gradient=\u00bbon\u00bb background_color_gradient_stops=\u00bb#000000 10%|rgba(0,0,0,0.5) 50%|#000000 90%\u00bb background_color_gradient_overlays_image=\u00bbon\u00bb background_image=\u00bbhttps:\/\/henryramiro.com\/wp-content\/uploads\/2026\/03\/augmented-reality-2.jpg\u00bb background_enable_image=\u00bboff\u00bb custom_padding=\u00bb6vw||6vw||true|false\u00bb saved_tabs=\u00bball\u00bb collapsed=\u00bbon\u00bb global_colors_info=\u00bb{}\u00bb][et_pb_row column_structure=\u00bb1_3,1_3,1_3&#8243; _builder_version=\u00bb4.27.6&#8243; _module_preset=\u00bbdefault\u00bb global_colors_info=\u00bb{}\u00bb][et_pb_column type=\u00bb1_3&#8243; _builder_version=\u00bb4.22.1&#8243; _module_preset=\u00bbdefault\u00bb global_colors_info=\u00bb{}\u00bb][et_pb_text _builder_version=\u00bb4.27.6&#8243; _module_preset=\u00bbf7416929-e8a4-4561-9873-690f6781841f\u00bb header_4_text_color=\u00bb#FFFFFF\u00bb custom_margin=\u00bb||10px||false|false\u00bb hover_enabled=\u00bb0&#8243; global_colors_info=\u00bb{}\u00bb sticky_enabled=\u00bb0&#8243; header_4_text_align=\u00bbcenter\u00bb text_orientation=\u00bbcenter\u00bb]<\/p>\n<h4>Empresas:<\/h4>\n<p>[\/et_pb_text][et_pb_text _builder_version=\u00bb4.27.6&#8243; _module_preset=\u00bb05563cc8-afc1-4e4b-9917-86164fe72774&#8243; text_text_color=\u00bb#FFFFFF\u00bb link_text_color=\u00bb#FFFFFF\u00bb custom_margin=\u00bb||10px||false|false\u00bb hover_enabled=\u00bb0&#8243; global_colors_info=\u00bb{}\u00bb header_4_text_align=\u00bbcenter\u00bb text_orientation=\u00bbcenter\u00bb sticky_enabled=\u00bb0&#8243;]<\/p>\n<p>Hinforcom<\/p>\n<p>[\/et_pb_text][et_pb_text _builder_version=\u00bb4.27.6&#8243; _module_preset=\u00bb05563cc8-afc1-4e4b-9917-86164fe72774&#8243; text_text_color=\u00bb#FFFFFF\u00bb link_text_color=\u00bb#FFFFFF\u00bb custom_margin=\u00bb||10px||false|false\u00bb global_colors_info=\u00bb{}\u00bb header_4_text_align=\u00bbcenter\u00bb text_orientation=\u00bbcenter\u00bb]<\/p>\n<p>Indomotiv<\/p>\n<p>[\/et_pb_text][et_pb_text _builder_version=\u00bb4.27.6&#8243; _module_preset=\u00bb05563cc8-afc1-4e4b-9917-86164fe72774&#8243; text_text_color=\u00bb#FFFFFF\u00bb link_text_color=\u00bb#FFFFFF\u00bb custom_margin=\u00bb||10px||false|false\u00bb global_colors_info=\u00bb{}\u00bb header_4_text_align=\u00bbcenter\u00bb text_orientation=\u00bbcenter\u00bb]<\/p>\n<p>HR Apartaments<\/p>\n<p>[\/et_pb_text][\/et_pb_column][et_pb_column type=\u00bb1_3&#8243; _builder_version=\u00bb4.22.1&#8243; _module_preset=\u00bbdefault\u00bb global_colors_info=\u00bb{}\u00bb][et_pb_text _builder_version=\u00bb4.27.6&#8243; _module_preset=\u00bbf7416929-e8a4-4561-9873-690f6781841f\u00bb header_4_text_color=\u00bb#FFFFFF\u00bb custom_margin=\u00bb||10px||false|false\u00bb global_colors_info=\u00bb{}\u00bb header_4_text_align=\u00bbcenter\u00bb text_orientation=\u00bbcenter\u00bb]<\/p>\n<h4>Redes:<\/h4>\n<p>[\/et_pb_text][et_pb_text _builder_version=\u00bb4.27.6&#8243; _module_preset=\u00bb05563cc8-afc1-4e4b-9917-86164fe72774&#8243; text_text_color=\u00bb#FFFFFF\u00bb link_text_color=\u00bb#FFFFFF\u00bb custom_margin=\u00bb||10px||false|false\u00bb global_colors_info=\u00bb{}\u00bb header_4_text_align=\u00bbcenter\u00bb text_orientation=\u00bbcenter\u00bb]<\/p>\n<p>LinkedIn<\/p>\n<p>[\/et_pb_text][et_pb_text _builder_version=\u00bb4.27.6&#8243; _module_preset=\u00bb05563cc8-afc1-4e4b-9917-86164fe72774&#8243; text_text_color=\u00bb#FFFFFF\u00bb link_text_color=\u00bb#FFFFFF\u00bb custom_margin=\u00bb||10px||false|false\u00bb global_colors_info=\u00bb{}\u00bb header_4_text_align=\u00bbcenter\u00bb text_orientation=\u00bbcenter\u00bb]<\/p>\n<p>Instagram<\/p>\n<p>[\/et_pb_text][et_pb_text _builder_version=\u00bb4.27.6&#8243; _module_preset=\u00bb05563cc8-afc1-4e4b-9917-86164fe72774&#8243; text_text_color=\u00bb#FFFFFF\u00bb link_text_color=\u00bb#FFFFFF\u00bb custom_margin=\u00bb||10px||false|false\u00bb global_colors_info=\u00bb{}\u00bb header_4_text_align=\u00bbcenter\u00bb text_orientation=\u00bbcenter\u00bb]<\/p>\n<p>X<\/p>\n<p>[\/et_pb_text][\/et_pb_column][et_pb_column type=\u00bb1_3&#8243; _builder_version=\u00bb4.22.1&#8243; _module_preset=\u00bbdefault\u00bb global_colors_info=\u00bb{}\u00bb][et_pb_text _builder_version=\u00bb4.27.6&#8243; _module_preset=\u00bbf7416929-e8a4-4561-9873-690f6781841f\u00bb header_4_text_color=\u00bb#FFFFFF\u00bb custom_margin=\u00bb||10px||false|false\u00bb hover_enabled=\u00bb0&#8243; locked=\u00bboff\u00bb global_colors_info=\u00bb{}\u00bb sticky_enabled=\u00bb0&#8243;]<\/p>\n<h4 style=\"text-align: center;\">Recibe mi newsletter:<\/h4>\n<p>[\/et_pb_text][et_pb_signup mailchimp_list=\u00bbundefined|elegantthemestest|1ea2bbd026&#8243; first_name_field=\u00bboff\u00bb last_name_field=\u00bboff\u00bb _builder_version=\u00bb4.27.6&#8243; _module_preset=\u00bbca790dcb-bbf7-47da-90ef-206eaddfd3e0&#8243; button_bg_color=\u00bb#FFFFFF\u00bb button_icon=\u00bb&#xf658;||fa||900&#8243; hover_enabled=\u00bb0&#8243; locked=\u00bboff\u00bb global_colors_info=\u00bb{}\u00bb form_field_text_align=\u00bbcenter\u00bb sticky_enabled=\u00bb0&#8243;][\/et_pb_signup][\/et_pb_column][\/et_pb_row][et_pb_row _builder_version=\u00bb4.24.2&#8243; _module_preset=\u00bbdefault\u00bb global_colors_info=\u00bb{}\u00bb][et_pb_column type=\u00bb4_4&#8243; _builder_version=\u00bb4.22.1&#8243; _module_preset=\u00bbdefault\u00bb global_colors_info=\u00bb{}\u00bb][et_pb_text _builder_version=\u00bb4.27.6&#8243; _dynamic_attributes=\u00bbcontent\u00bb _module_preset=\u00bb77fc9cda-1430-410c-8488-439d7618d5c8&#8243; header_4_text_color=\u00bb#FFFFFF\u00bb text_orientation=\u00bbcenter\u00bb hover_enabled=\u00bb0&#8243; locked=\u00bboff\u00bb global_colors_info=\u00bb{}\u00bb header_4_font_size_last_edited=\u00bbon|phone\u00bb sticky_enabled=\u00bb0&#8243; header_4_font_size_phone=\u00bb8px\u00bb]@ET-DC@eyJkeW5hbWljIjp0cnVlLCJjb250ZW50IjoiY3VycmVudF9kYXRlIiwic2V0dGluZ3MiOnsiYmVmb3JlIjoiPGg0PkNvcHlyaWdodCAmY29weTsgIiwiYWZ0ZXIiOiIgSGVucnkgUmFtaXJvLiBBbGwgUmlnaHRzIFJlc2VydmVkLjwvaDQ+IiwiZGF0ZV9mb3JtYXQiOiJjdXN0b20iLCJjdXN0b21fZGF0ZV9mb3JtYXQiOiJZIn19@[\/et_pb_text][\/et_pb_column][\/et_pb_row][\/et_pb_section]<\/p>\n","protected":false},"excerpt":{"rendered":"<p>Henry Ramiro<div class=\"et_pb_module ds_typing_text ds_typing_text_0\">\n\t\t\t\t\n\t\t\t\t\n\t\t\t\t\n\t\t\t\t\n\t\t\t\t\n\t\t\t\t\n\t\t\t\t<div class=\"et_pb_module_inner\">\n\t\t\t\t\t<div class=\"ds-typing\">\n                <span class=\"ds-typing-text-prefix\"><\/span>\n                <span class=\"ds-typing-wrap\">\n                    <span class=\"ds-typing-text\" data-ds-loop=\"true\"\n            data-ds-speed=\"100ms\"\n            data-ds-backspeed=\"100ms\"\n            data-ds-backdelay=\"100ms\"\n            data-ds-show-cursor=\"true\"\n            data-ds-cursor-char=\"|\"\n            data-ds-typing-strings=\"[&quot;CEO Hinforcom Group &quot;,&quot; Experto en Cyberseguridad&quot;]\"\n            ><\/span>\n                <\/span>\n                <span class=\"ds-typing-text-suffix\"><\/span>\n            <\/div>\n\t\t\t\t<\/div>\n\t\t\t<\/div>Protegiendo el ADN Digital de las Empresas en Espa\u00f1a.Ciberseguridad Estrat\u00e9gica: Auditor\u00edas, pentesting y cumplimiento normativo (RGPD\/ENS).Empresas:HinforcomIndomotivHR ApartamentsRedes:LinkedInInstagramXRecibe mi newsletter:<\/p>\n","protected":false},"author":2,"featured_media":0,"parent":0,"menu_order":0,"comment_status":"closed","ping_status":"closed","template":"","meta":{"_et_pb_use_builder":"on","_et_pb_old_content":"","_et_gb_content_width":"","footnotes":""},"class_list":["post-8","page","type-page","status-publish","hentry"],"_links":{"self":[{"href":"https:\/\/henryramiro.com\/index.php\/wp-json\/wp\/v2\/pages\/8","targetHints":{"allow":["GET"]}}],"collection":[{"href":"https:\/\/henryramiro.com\/index.php\/wp-json\/wp\/v2\/pages"}],"about":[{"href":"https:\/\/henryramiro.com\/index.php\/wp-json\/wp\/v2\/types\/page"}],"author":[{"embeddable":true,"href":"https:\/\/henryramiro.com\/index.php\/wp-json\/wp\/v2\/users\/2"}],"replies":[{"embeddable":true,"href":"https:\/\/henryramiro.com\/index.php\/wp-json\/wp\/v2\/comments?post=8"}],"version-history":[{"count":10,"href":"https:\/\/henryramiro.com\/index.php\/wp-json\/wp\/v2\/pages\/8\/revisions"}],"predecessor-version":[{"id":50,"href":"https:\/\/henryramiro.com\/index.php\/wp-json\/wp\/v2\/pages\/8\/revisions\/50"}],"wp:attachment":[{"href":"https:\/\/henryramiro.com\/index.php\/wp-json\/wp\/v2\/media?parent=8"}],"curies":[{"name":"wp","href":"https:\/\/api.w.org\/{rel}","templated":true}]}}